{"id":4012,"date":"2020-03-18T17:55:16","date_gmt":"2020-03-18T20:55:16","guid":{"rendered":"https:\/\/archscape.com.br\/2024\/?page_id=4012"},"modified":"2020-03-18T18:15:51","modified_gmt":"2020-03-18T21:15:51","slug":"login-de-acesso-aos-fornecedores","status":"publish","type":"page","link":"https:\/\/archscape.com.br\/2024\/login-de-acesso-aos-fornecedores\/","title":{"rendered":"Login de acesso aos Fornecedores"},"content":{"rendered":"<div id='av_section_1'  class='avia-section av-231rw2-2d2222c07b63a066e14c16dcf1957f70 main_color avia-section-default avia-no-border-styling  avia-builder-el-0  avia-builder-el-no-sibling  avia-bg-style-scroll container_wrap sidebar_right'  ><div class='container av-section-cont-open' ><main  role=\"main\" itemprop=\"mainContentOfPage\"  class='template-page content  av-content-small alpha units'><div class='post-entry post-entry-type-page post-entry-4012'><div class='entry-content-wrapper clearfix'>\n\n<style type=\"text\/css\" data-created_by=\"avia_inline_auto\" id=\"style-css-av-av_heading-dde594c68d03a731533e4a40ca07eb01\">\n#top .av-special-heading.av-av_heading-dde594c68d03a731533e4a40ca07eb01{\npadding-bottom:10px;\n}\nbody .av-special-heading.av-av_heading-dde594c68d03a731533e4a40ca07eb01 .av-special-heading-tag .heading-char{\nfont-size:25px;\n}\n.av-special-heading.av-av_heading-dde594c68d03a731533e4a40ca07eb01 .av-subheading{\nfont-size:15px;\n}\n<\/style>\n<div  class='av-special-heading av-av_heading-dde594c68d03a731533e4a40ca07eb01 av-special-heading-h3  avia-builder-el-1  el_before_av_textblock  avia-builder-el-first '><h3 class='av-special-heading-tag'  itemprop=\"headline\"  >Cadastro de Fornecedores<\/h3><div class=\"special-heading-border\"><div class=\"special-heading-inner-border\"><\/div><\/div><\/div>\n<section  class='av_textblock_section av-k7xtgn44-68c5f98db3a0490e9a0471148752f1fd '   itemscope=\"itemscope\" itemtype=\"https:\/\/schema.org\/CreativeWork\" ><div class='avia_textblock'  itemprop=\"text\" ><p>Ao longo dos anos acumulamos grandes parceiros que nos ajudam na qualidade final de nossas entregas. Estamos sempre abertos a conhecer novos profissionais. Caso deseje ser um fornecedor, marque a op\u00e7\u00e3o sim e n\u00f3s entraremos em contato.<\/p>\n<p>Preencha com seus dados corretos para acessar a lista.<\/p>\n<\/div><\/section>\n\n<style type=\"text\/css\" data-created_by=\"avia_inline_auto\" id=\"style-css-av-46sr70-ee547b1a8973007a9b2fd3b8963698e7\">\n.flex_column.av-46sr70-ee547b1a8973007a9b2fd3b8963698e7{\nborder-radius:0px 0px 0px 0px;\npadding:0px 0px 0px 0px;\n}\n<\/style>\n<div  class='flex_column av-46sr70-ee547b1a8973007a9b2fd3b8963698e7 av_one_half  avia-builder-el-3  el_after_av_textblock  el_before_av_one_half  first flex_column_div av-zero-column-padding  column-top-margin'     ><section  class='av_textblock_section av-k7xtdxnc-18726462965a54cd271f654623635aca '   itemscope=\"itemscope\" itemtype=\"https:\/\/schema.org\/CreativeWork\" ><div class='avia_textblock'  itemprop=\"text\" >\n<div class=\"wpcf7 no-js\" id=\"wpcf7-f4015-o1\" lang=\"pt-BR\" dir=\"ltr\" data-wpcf7-id=\"4015\">\n<div class=\"screen-reader-response\"><p role=\"status\" aria-live=\"polite\" aria-atomic=\"true\"><\/p> <ul><\/ul><\/div>\n<form action=\"\/2024\/wp-json\/wp\/v2\/pages\/4012#wpcf7-f4015-o1\" method=\"post\" class=\"wpcf7-form init\" aria-label=\"Formul\u00e1rios de contato\" novalidate=\"novalidate\" data-status=\"init\">\n<div style=\"display: none;\">\n<input type=\"hidden\" name=\"_wpcf7\" value=\"4015\" \/>\n<input type=\"hidden\" name=\"_wpcf7_version\" value=\"6.0.6\" \/>\n<input type=\"hidden\" name=\"_wpcf7_locale\" value=\"pt_BR\" \/>\n<input type=\"hidden\" name=\"_wpcf7_unit_tag\" value=\"wpcf7-f4015-o1\" \/>\n<input type=\"hidden\" name=\"_wpcf7_container_post\" value=\"0\" \/>\n<input type=\"hidden\" name=\"_wpcf7_posted_data_hash\" value=\"\" \/>\n<\/div>\n<p><label> Seu nome (obrigat\u00f3rio)<br \/>\n<span class=\"wpcf7-form-control-wrap\" data-name=\"your-name\"><input size=\"40\" maxlength=\"400\" class=\"wpcf7-form-control wpcf7-text wpcf7-validates-as-required\" aria-required=\"true\" aria-invalid=\"false\" value=\"\" type=\"text\" name=\"your-name\" \/><\/span> <\/label>\n<\/p>\n<p><label> Seu e-mail (obrigat\u00f3rio)<br \/>\n<span class=\"wpcf7-form-control-wrap\" data-name=\"your-email\"><input size=\"40\" maxlength=\"400\" class=\"wpcf7-form-control wpcf7-email wpcf7-validates-as-required wpcf7-text wpcf7-validates-as-email\" aria-required=\"true\" aria-invalid=\"false\" value=\"\" type=\"email\" name=\"your-email\" \/><\/span> <\/label>\n<\/p>\n<p><label> Profiss\u00e3o<br \/>\n<span class=\"wpcf7-form-control-wrap\" data-name=\"your-subject\"><input size=\"40\" maxlength=\"400\" class=\"wpcf7-form-control wpcf7-text\" aria-invalid=\"false\" value=\"\" type=\"text\" name=\"your-subject\" \/><\/span> <\/label>\n<\/p>\n<p><label> Celular<br \/>\n<span class=\"wpcf7-form-control-wrap\" data-name=\"tel-200\"><input size=\"40\" maxlength=\"400\" class=\"wpcf7-form-control wpcf7-tel wpcf7-validates-as-required wpcf7-text wpcf7-validates-as-tel\" aria-required=\"true\" aria-invalid=\"false\" value=\"\" type=\"tel\" name=\"tel-200\" \/><\/span> <\/label>\n<\/p>\n<p><label> Deseja ser um fornecedor Archscape? <\/label><br \/>\n<span class=\"wpcf7-form-control-wrap\" data-name=\"checkbox-510\"><span class=\"wpcf7-form-control wpcf7-checkbox\"><span class=\"wpcf7-list-item first last\"><input type=\"checkbox\" name=\"checkbox-510[]\" value=\"Sim\" \/><span class=\"wpcf7-list-item-label\">Sim<\/span><\/span><\/span><\/span>\n<\/p>\n<p><input class=\"wpcf7-form-control wpcf7-submit has-spinner\" type=\"submit\" value=\"Enviar\" \/>\n<\/p><p style=\"display: none !important;\"><label>&#916;<textarea name=\"_wpcf7_ak_hp_textarea\" cols=\"45\" rows=\"8\" maxlength=\"100\"><\/textarea><\/label><input type=\"hidden\" id=\"ak_js_1\" name=\"_wpcf7_ak_js\" value=\"147\"\/><script>document.getElementById( \"ak_js_1\" ).setAttribute( \"value\", ( new Date() ).getTime() );<\/script><\/p><div class=\"wpcf7-response-output\" aria-hidden=\"true\"><\/div>\n<\/form>\n<\/div>\n\n<\/div><\/section><\/div>\n<style type=\"text\/css\" data-created_by=\"avia_inline_auto\" id=\"style-css-av-2f8qd8-6002f82c65bf0527cba492cb5298ca12\">\n.flex_column.av-2f8qd8-6002f82c65bf0527cba492cb5298ca12{\nborder-radius:0px 0px 0px 0px;\npadding:0px 0px 0px 0px;\n}\n<\/style>\n<div  class='flex_column av-2f8qd8-6002f82c65bf0527cba492cb5298ca12 av_one_half  avia-builder-el-5  el_after_av_one_half  el_before_av_hr  flex_column_div av-zero-column-padding  column-top-margin'     ><style type=\"text\/css\" data-created_by=\"avia_inline_auto\" id=\"style-css-av-k7xtrxwq-e23daa17735810e5ba9ea1d54a02e8be\">\n.avia-image-container.av-k7xtrxwq-e23daa17735810e5ba9ea1d54a02e8be img.avia_image{\nbox-shadow:none;\n}\n.avia-image-container.av-k7xtrxwq-e23daa17735810e5ba9ea1d54a02e8be .av-image-caption-overlay-center{\ncolor:#ffffff;\n}\n<\/style>\n<div  class='avia-image-container av-k7xtrxwq-e23daa17735810e5ba9ea1d54a02e8be av-styling- avia-align-center  avia-builder-el-6  avia-builder-el-no-sibling '   itemprop=\"image\" itemscope=\"itemscope\" itemtype=\"https:\/\/schema.org\/ImageObject\" ><div class=\"avia-image-container-inner\"><div class=\"avia-image-overlay-wrap\"><img fetchpriority=\"high\" class='wp-image-3996 avia-img-lazy-loading-not-3996 avia_image ' src='https:\/\/archscape.com.br\/2024\/wp-content\/uploads\/2020\/03\/slider-vmca-archscape-1024x690.jpg' alt='slider-vmca-archscape' title='slider-vmca-archscape'  height=\"690\" width=\"1024\"  itemprop=\"thumbnailUrl\"  \/><\/div><\/div><\/div><\/div><div  class='hr av-2qp41o-432e5a154800632327c143a12f13b3b0 hr-default  avia-builder-el-7  el_after_av_one_half  avia-builder-el-last '><span class='hr-inner '><span class=\"hr-inner-style\"><\/span><\/span><\/div>\n<\/div><\/div><\/main><!-- close content main element --><\/div><\/div><div id='after_section_1'  class='main_color av_default_container_wrap container_wrap sidebar_right'  ><div class='container av-section-cont-open' ><div class='template-page content  av-content-small alpha units'><div class='post-entry post-entry-type-page post-entry-4012'><div class='entry-content-wrapper clearfix'>\n","protected":false},"excerpt":{"rendered":"","protected":false},"author":1,"featured_media":0,"parent":0,"menu_order":0,"comment_status":"closed","ping_status":"closed","template":"","meta":{"footnotes":""},"class_list":["post-4012","page","type-page","status-publish","hentry"],"_links":{"self":[{"href":"https:\/\/archscape.com.br\/2024\/wp-json\/wp\/v2\/pages\/4012","targetHints":{"allow":["GET"]}}],"collection":[{"href":"https:\/\/archscape.com.br\/2024\/wp-json\/wp\/v2\/pages"}],"about":[{"href":"https:\/\/archscape.com.br\/2024\/wp-json\/wp\/v2\/types\/page"}],"author":[{"embeddable":true,"href":"https:\/\/archscape.com.br\/2024\/wp-json\/wp\/v2\/users\/1"}],"replies":[{"embeddable":true,"href":"https:\/\/archscape.com.br\/2024\/wp-json\/wp\/v2\/comments?post=4012"}],"version-history":[{"count":0,"href":"https:\/\/archscape.com.br\/2024\/wp-json\/wp\/v2\/pages\/4012\/revisions"}],"wp:attachment":[{"href":"https:\/\/archscape.com.br\/2024\/wp-json\/wp\/v2\/media?parent=4012"}],"curies":[{"name":"wp","href":"https:\/\/api.w.org\/{rel}","templated":true}]}}