{"id":4217,"date":"2020-03-30T19:07:13","date_gmt":"2020-03-30T22:07:13","guid":{"rendered":"https:\/\/archscape.com.br\/2024\/?page_id=4217"},"modified":"2022-08-10T18:43:17","modified_gmt":"2022-08-10T21:43:17","slug":"contatos","status":"publish","type":"page","link":"https:\/\/archscape.com.br\/2024\/contatos\/","title":{"rendered":"Contatos"},"content":{"rendered":"\n<style type=\"text\/css\" data-created_by=\"avia_inline_auto\" id=\"style-css-av-1tym9q-5edfe349c549b3927d69727f1903e0ab\">\n.avia-section.av-1tym9q-5edfe349c549b3927d69727f1903e0ab{\nbackground-repeat:no-repeat;\nbackground-image:url(https:\/\/archscape.com.br\/2024\/wp-content\/uploads\/2020\/01\/vmca-12.jpg);\nbackground-position:50% 50%;\nbackground-attachment:fixed;\n}\n.avia-section.av-1tym9q-5edfe349c549b3927d69727f1903e0ab .av-section-color-overlay{\nopacity:0.8;\nbackground-color:#35383c;\n}\n<\/style>\n<div id='contatos'  class='avia-section av-1tym9q-5edfe349c549b3927d69727f1903e0ab main_color avia-section-huge avia-no-border-styling  avia-builder-el-0  el_before_av_section  avia-builder-el-first  avia-full-stretch avia-bg-style-fixed av-section-color-overlay-active container_wrap sidebar_right'  data-section-bg-repeat='stretch'><div class=\"av-section-color-overlay-wrap\"><div class=\"av-section-color-overlay\"><\/div><div class='container av-section-cont-open' ><main  role=\"main\" itemprop=\"mainContentOfPage\"  class='template-page content  av-content-small alpha units'><div class='post-entry post-entry-type-page post-entry-4217'><div class='entry-content-wrapper clearfix'>\n\n<style type=\"text\/css\" data-created_by=\"avia_inline_auto\" id=\"style-css-av-342q61-917796d68ae7af06692a792a228d0051\">\n#top .av-special-heading.av-342q61-917796d68ae7af06692a792a228d0051{\npadding-bottom:20px;\ncolor:#ffffff;\nfont-size:40px;\n}\nbody .av-special-heading.av-342q61-917796d68ae7af06692a792a228d0051 .av-special-heading-tag .heading-char{\nfont-size:25px;\n}\n#top #wrap_all .av-special-heading.av-342q61-917796d68ae7af06692a792a228d0051 .av-special-heading-tag{\nfont-size:40px;\n}\n.av-special-heading.av-342q61-917796d68ae7af06692a792a228d0051 .special-heading-inner-border{\nborder-color:#ffffff;\n}\n.av-special-heading.av-342q61-917796d68ae7af06692a792a228d0051 .av-subheading{\nfont-size:15px;\n}\n\n@media only screen and (min-width: 480px) and (max-width: 767px){ \n#top #wrap_all .av-special-heading.av-342q61-917796d68ae7af06692a792a228d0051 .av-special-heading-tag{\nfont-size:0.8em;\n}\n}\n\n@media only screen and (max-width: 479px){ \n#top #wrap_all .av-special-heading.av-342q61-917796d68ae7af06692a792a228d0051 .av-special-heading-tag{\nfont-size:0.8em;\n}\n}\n<\/style>\n<div  class='av-special-heading av-342q61-917796d68ae7af06692a792a228d0051 av-special-heading-h2 custom-color-heading blockquote modern-quote modern-centered  avia-builder-el-1  el_before_av_one_fifth  avia-builder-el-first  av-inherit-size'><h2 class='av-special-heading-tag'  itemprop=\"headline\"  >D\u00favidas ou sugest\u00f5es, entre em contato!<\/h2><div class=\"special-heading-border\"><div class=\"special-heading-inner-border\"><\/div><\/div><\/div>\n\n<style type=\"text\/css\" data-created_by=\"avia_inline_auto\" id=\"style-css-av-hzf8ce-2595ee3d8c6600ef20b9556da1d2de4e\">\n.flex_column.av-hzf8ce-2595ee3d8c6600ef20b9556da1d2de4e{\nborder-radius:0px 0px 0px 0px;\npadding:0px 0px 0px 0px;\n}\n<\/style>\n<div  class='flex_column av-hzf8ce-2595ee3d8c6600ef20b9556da1d2de4e av_one_fifth  avia-builder-el-2  el_after_av_heading  el_before_av_three_fifth  first flex_column_div av-animated-generic fade-in av-zero-column-padding  '     ><\/div>\n<style type=\"text\/css\" data-created_by=\"avia_inline_auto\" id=\"style-css-av-htvata-5233a88d44f4bd7d06f4798744aeb0ee\">\n.flex_column.av-htvata-5233a88d44f4bd7d06f4798744aeb0ee{\nborder-radius:0px 0px 0px 0px;\npadding:0px 0px 0px 0px;\n}\n<\/style>\n<div  class='flex_column av-htvata-5233a88d44f4bd7d06f4798744aeb0ee av_three_fifth  avia-builder-el-3  el_after_av_one_fifth  el_before_av_one_fifth  flex_column_div av-animated-generic fade-in av-zero-column-padding  '     ><p>\n<style type=\"text\/css\" data-created_by=\"avia_inline_auto\" id=\"style-css-av-k8gaeb9v-b801a478ec4038d705b0d271c0d42b94\">\n#top .av_textblock_section.av-k8gaeb9v-b801a478ec4038d705b0d271c0d42b94 .avia_textblock{\ncolor:#ffffff;\n}\n<\/style>\n<section  class='av_textblock_section av-k8gaeb9v-b801a478ec4038d705b0d271c0d42b94 '   itemscope=\"itemscope\" itemtype=\"https:\/\/schema.org\/CreativeWork\" ><div class='avia_textblock av_inherit_color'  itemprop=\"text\" >\n<div class=\"wpcf7 no-js\" id=\"wpcf7-f3659-o1\" lang=\"pt-BR\" dir=\"ltr\" data-wpcf7-id=\"3659\">\n<div class=\"screen-reader-response\"><p role=\"status\" aria-live=\"polite\" aria-atomic=\"true\"><\/p> <ul><\/ul><\/div>\n<form action=\"\/2024\/wp-json\/wp\/v2\/pages\/4217#wpcf7-f3659-o1\" method=\"post\" class=\"wpcf7-form init\" aria-label=\"Formul\u00e1rios de contato\" novalidate=\"novalidate\" data-status=\"init\">\n<div style=\"display: none;\">\n<input type=\"hidden\" name=\"_wpcf7\" value=\"3659\" \/>\n<input type=\"hidden\" name=\"_wpcf7_version\" value=\"6.0.6\" \/>\n<input type=\"hidden\" name=\"_wpcf7_locale\" value=\"pt_BR\" \/>\n<input type=\"hidden\" name=\"_wpcf7_unit_tag\" value=\"wpcf7-f3659-o1\" \/>\n<input type=\"hidden\" name=\"_wpcf7_container_post\" value=\"0\" \/>\n<input type=\"hidden\" name=\"_wpcf7_posted_data_hash\" value=\"\" \/>\n<\/div>\n<p><label> Seu nome (obrigat\u00f3rio)<br \/>\n<span class=\"wpcf7-form-control-wrap\" data-name=\"your-name\"><input size=\"40\" maxlength=\"400\" class=\"wpcf7-form-control wpcf7-text wpcf7-validates-as-required\" aria-required=\"true\" aria-invalid=\"false\" value=\"\" type=\"text\" name=\"your-name\" \/><\/span> <\/label>\n<\/p>\n<p><label> Seu e-mail (obrigat\u00f3rio)<br \/>\n<span class=\"wpcf7-form-control-wrap\" data-name=\"your-email\"><input size=\"40\" maxlength=\"400\" class=\"wpcf7-form-control wpcf7-email wpcf7-validates-as-required wpcf7-text wpcf7-validates-as-email\" aria-required=\"true\" aria-invalid=\"false\" value=\"\" type=\"email\" name=\"your-email\" \/><\/span> <\/label>\n<\/p>\n<p><label> Assunto<br \/>\n<span class=\"wpcf7-form-control-wrap\" data-name=\"your-subject\"><input size=\"40\" maxlength=\"400\" class=\"wpcf7-form-control wpcf7-text\" aria-invalid=\"false\" value=\"\" type=\"text\" name=\"your-subject\" \/><\/span> <\/label>\n<\/p>\n<p><label> Sua mensagem<br \/>\n<span class=\"wpcf7-form-control-wrap\" data-name=\"your-message\"><textarea cols=\"40\" rows=\"10\" maxlength=\"2000\" class=\"wpcf7-form-control wpcf7-textarea\" aria-invalid=\"false\" name=\"your-message\"><\/textarea><\/span> <\/label>\n<\/p>\n<p><input class=\"wpcf7-form-control wpcf7-submit has-spinner\" type=\"submit\" value=\"Enviar\" \/>\n<\/p><p style=\"display: none !important;\"><label>&#916;<textarea name=\"_wpcf7_ak_hp_textarea\" cols=\"45\" rows=\"8\" maxlength=\"100\"><\/textarea><\/label><input type=\"hidden\" id=\"ak_js_1\" name=\"_wpcf7_ak_js\" value=\"84\"\/><script>document.getElementById( \"ak_js_1\" ).setAttribute( \"value\", ( new Date() ).getTime() );<\/script><\/p><div class=\"wpcf7-response-output\" aria-hidden=\"true\"><\/div>\n<\/form>\n<\/div>\n\n<\/div><\/section><br \/>\n\n<style type=\"text\/css\" data-created_by=\"avia_inline_auto\" id=\"style-css-av-h5b7ni-7dd090b0fe7afe891743d8156eb5337b\">\n#top .av_textblock_section.av-h5b7ni-7dd090b0fe7afe891743d8156eb5337b .avia_textblock{\ncolor:#cecece;\n}\n<\/style>\n<section  class='av_textblock_section av-h5b7ni-7dd090b0fe7afe891743d8156eb5337b '   itemscope=\"itemscope\" itemtype=\"https:\/\/schema.org\/CreativeWork\" ><div class='avia_textblock av_inherit_color'  itemprop=\"text\" ><p style=\"text-align: center;\">Descreva sua necessidade, nossa equipe entrar\u00e1 em contato para dar sequ\u00eancia ao atendimento<\/p>\n<\/div><\/section><\/p><\/div>\n<style type=\"text\/css\" data-created_by=\"avia_inline_auto\" id=\"style-css-av-gwsndy-64467deab1e445a55d9580bf8dbe9aed\">\n.flex_column.av-gwsndy-64467deab1e445a55d9580bf8dbe9aed{\nborder-radius:0px 0px 0px 0px;\npadding:0px 0px 0px 0px;\n}\n<\/style>\n<div  class='flex_column av-gwsndy-64467deab1e445a55d9580bf8dbe9aed av_one_fifth  avia-builder-el-6  el_after_av_three_fifth  avia-builder-el-last  flex_column_div av-animated-generic fade-in av-zero-column-padding  '     ><\/div>\n\n<\/div><\/div><\/main><!-- close content main element --><\/div><\/div><\/div>\n<style type=\"text\/css\" data-created_by=\"avia_inline_auto\" id=\"style-css-av-2m1hh2-38cf7dd64e171de6658c9705407e86ad\">\n.avia-section.av-2m1hh2-38cf7dd64e171de6658c9705407e86ad{\nbackground-repeat:no-repeat;\nbackground-image:url(https:\/\/archscape.com.br\/2024\/wp-content\/uploads\/2020\/01\/alexandrine-08.jpg);\nbackground-position:50% 50%;\nbackground-attachment:fixed;\n}\n.avia-section.av-2m1hh2-38cf7dd64e171de6658c9705407e86ad .av-section-color-overlay{\nopacity:0.9;\nbackground-color:#35383c;\n}\n<\/style>\n<div id='depoimentos'  class='avia-section av-2m1hh2-38cf7dd64e171de6658c9705407e86ad main_color avia-section-huge avia-no-border-styling  avia-builder-el-7  el_after_av_section  el_before_av_hr  avia-full-stretch avia-bg-style-fixed av-section-color-overlay-active container_wrap sidebar_right'  data-section-bg-repeat='stretch'><div class=\"av-section-color-overlay-wrap\"><div class=\"av-section-color-overlay\"><\/div><div class='container av-section-cont-open' ><div class='template-page content  av-content-small alpha units'><div class='post-entry post-entry-type-page post-entry-4217'><div class='entry-content-wrapper clearfix'>\n\n<style type=\"text\/css\" data-created_by=\"avia_inline_auto\" id=\"style-css-av-av_heading-7bfae74d494da0d7a84d3588d2de91b9\">\n#top .av-special-heading.av-av_heading-7bfae74d494da0d7a84d3588d2de91b9{\npadding-bottom:0;\ncolor:#ffffff;\nfont-size:40px;\n}\nbody .av-special-heading.av-av_heading-7bfae74d494da0d7a84d3588d2de91b9 .av-special-heading-tag .heading-char{\nfont-size:25px;\n}\n#top #wrap_all .av-special-heading.av-av_heading-7bfae74d494da0d7a84d3588d2de91b9 .av-special-heading-tag{\nfont-size:40px;\n}\n.av-special-heading.av-av_heading-7bfae74d494da0d7a84d3588d2de91b9 .special-heading-inner-border{\nborder-color:#ffffff;\n}\n.av-special-heading.av-av_heading-7bfae74d494da0d7a84d3588d2de91b9 .av-subheading{\nfont-size:15px;\n}\n\n@media only screen and (min-width: 480px) and (max-width: 767px){ \n#top #wrap_all .av-special-heading.av-av_heading-7bfae74d494da0d7a84d3588d2de91b9 .av-special-heading-tag{\nfont-size:0.8em;\n}\n}\n\n@media only screen and (max-width: 479px){ \n#top #wrap_all .av-special-heading.av-av_heading-7bfae74d494da0d7a84d3588d2de91b9 .av-special-heading-tag{\nfont-size:0.8em;\n}\n}\n<\/style>\n<div  class='av-special-heading av-av_heading-7bfae74d494da0d7a84d3588d2de91b9 av-special-heading-h2 custom-color-heading blockquote modern-quote modern-centered  avia-builder-el-8  el_before_av_hr  avia-builder-el-first  av-inherit-size'><h2 class='av-special-heading-tag'  itemprop=\"headline\"  >Depoimentos<\/h2><div class=\"special-heading-border\"><div class=\"special-heading-inner-border\"><\/div><\/div><\/div>\n\n<style type=\"text\/css\" data-created_by=\"avia_inline_auto\" id=\"style-css-av-2ae1xq-3c5d78d08fc41edfed771e9313c59bb1\">\n#top .hr.av-2ae1xq-3c5d78d08fc41edfed771e9313c59bb1{\nmargin-top:30px;\nmargin-bottom:30px;\n}\n.hr.av-2ae1xq-3c5d78d08fc41edfed771e9313c59bb1 .hr-inner{\nwidth:50px;\nborder-color:#ffffff;\n}\n<\/style>\n<div  class='hr av-2ae1xq-3c5d78d08fc41edfed771e9313c59bb1 hr-custom  avia-builder-el-9  el_after_av_heading  el_before_av_testimonials  hr-center hr-icon-no'><span class='hr-inner inner-border-av-border-fat'><span class=\"hr-inner-style\"><\/span><\/span><\/div>\n\n<style type=\"text\/css\" data-created_by=\"avia_inline_auto\" id=\"style-css-av-20cg6u-b466c93aa6a447049c7bc4f9cab7a30c\">\n#top .avia-testimonial-wrapper.av-20cg6u-b466c93aa6a447049c7bc4f9cab7a30c .avia-testimonial-content{\ncolor:#e8e8e8;\n}\n#top .avia-testimonial-wrapper.av-20cg6u-b466c93aa6a447049c7bc4f9cab7a30c .avia-testimonial-name{\ncolor:#ffffff;\n}\n.avia-testimonial-wrapper.av-20cg6u-b466c93aa6a447049c7bc4f9cab7a30c .avia-testimonial-subtitle{\ncolor:#ffffff;\n}\n.avia-testimonial-wrapper.av-20cg6u-b466c93aa6a447049c7bc4f9cab7a30c .avia-testimonial-link{\ncolor:#ffffff;\n}\n.avia-testimonial-wrapper.av-20cg6u-b466c93aa6a447049c7bc4f9cab7a30c .avia-slideshow-controls{\ncolor:#e8e8e8;\n}\n<\/style>\n<div  class='avia-testimonial-wrapper av-20cg6u-b466c93aa6a447049c7bc4f9cab7a30c avia-slider-testimonials avia-slider-2-testimonials avia_animate_when_almost_visible av-large-testimonial-slider av-slideshow-ui av-control-default av-slider-hover-pause av-slideshow-autoplay av-loop-endless av-loop-manual-endless' data-slideshow-options=\"{&quot;animation&quot;:&quot;fade&quot;,&quot;autoplay&quot;:true,&quot;loop_autoplay&quot;:&quot;endless&quot;,&quot;interval&quot;:5,&quot;loop_manual&quot;:&quot;manual-endless&quot;,&quot;autoplay_stopper&quot;:false,&quot;noNavigation&quot;:false,&quot;bg_slider&quot;:false,&quot;keep_padding&quot;:&quot;&quot;,&quot;hoverpause&quot;:true,&quot;show_slide_delay&quot;:0}\">\n<section class=\"avia-testimonial-row\"><div class='avia-testimonial av-l03am-dcdb31124faa338100d3ad53cb358a96 avia-testimonial-row-1 avia-first-testimonial flex_column no_margin av_one_half'><div class='avia-testimonial_inner'  itemscope=\"itemscope\" itemtype=\"https:\/\/schema.org\/CreativeWork\" ><div class='avia-testimonial-content av_inherit_color'><div class='avia-testimonial-markup-entry-content'  itemprop=\"text\" ><p>Gustavo e eu trabalhamos em diversos projetos em conjunto. Sempre mostrou-se empenhado na busca de novas solu\u00e7\u00f5es que viessem a atender as demandas de seus projetos e contratantes, bem como adequalos \u00e0s especificidades t\u00e9cnicas e funcionais apresentadas por outras disciplinas. F\u00e1cil de trabalhar e negociar, minha exper\u00eancia com Gustavo sempre foi muito positiva.<\/p>\n<\/div><\/div><div class=\"avia-testimonial-meta\"><div class=\"avia-testimonial-arrow-wrap\"><div class=\"avia-arrow\"><\/div><\/div><div class='avia-testimonial-image'  itemprop=\"image\" ><img decoding=\"async\" width=\"70\" height=\"73\" src=\"https:\/\/archscape.com.br\/2024\/wp-content\/uploads\/2020\/02\/Captura-de-Tela-2020-02-15-a\u0300s-17.01.37.png\" class=\"attachment-square size-square\" alt=\"\" \/><\/div><div class='avia-testimonial-meta-mini'  itemprop=\"author\" itemscope=\"itemscope\" itemtype=\"https:\/\/schema.org\/Person\" ><strong  class='avia-testimonial-name'  itemprop=\"name\" >Guinter Parschalk<\/strong><span  class='avia-testimonial-subtitle av_opacity_variation'  itemprop=\"jobTitle\" >owner, studioix<\/span><\/div><\/div><\/div><\/div>\n<div class='avia-testimonial av-dzwla-bdba04c21a742337f041f266c9406476 avia-testimonial-row-1 flex_column no_margin av_one_half'><div class='avia-testimonial_inner'  itemscope=\"itemscope\" itemtype=\"https:\/\/schema.org\/CreativeWork\" ><div class='avia-testimonial-content av_inherit_color'><div class='avia-testimonial-markup-entry-content'  itemprop=\"text\" ><p>Profissional comprometido com solu\u00e7\u00f5es, prazos e resultados.<\/p>\n<\/div><\/div><div class=\"avia-testimonial-meta\"><div class=\"avia-testimonial-arrow-wrap\"><div class=\"avia-arrow\"><\/div><\/div><div class='avia-testimonial-image'  itemprop=\"image\" ><img decoding=\"async\" width=\"70\" height=\"63\" src=\"https:\/\/archscape.com.br\/2024\/wp-content\/uploads\/2020\/02\/Captura-de-Tela-2020-02-15-a\u0300s-17.06.20.png\" class=\"attachment-square size-square\" alt=\"\" \/><\/div><div class='avia-testimonial-meta-mini'  itemprop=\"author\" itemscope=\"itemscope\" itemtype=\"https:\/\/schema.org\/Person\" ><strong  class='avia-testimonial-name'  itemprop=\"name\" >Isabela Wermelinger<\/strong><span  class='avia-testimonial-subtitle av_opacity_variation'  itemprop=\"jobTitle\" >Drafter, architect, project manager<\/span><\/div><\/div><\/div><\/div>\n<div class='avia-testimonial av-ba9xi-871117c896b1d28fad09b418ac6d93c8 avia-testimonial-row-1 flex_column no_margin av_one_half'><div class='avia-testimonial_inner'  itemscope=\"itemscope\" itemtype=\"https:\/\/schema.org\/CreativeWork\" ><div class='avia-testimonial-content av_inherit_color'><div class='avia-testimonial-markup-entry-content'  itemprop=\"text\" ><p><span class=\"lt-line-clamp__line\">Gustavo sempre prop\u00f5em ideias inovadoras, cumpre o que<\/span>\u00a0<span class=\"lt-line-clamp__line\">combinou e entrega resultados al\u00e9m das suas expectativas.<\/span>\u00a0<span class=\"lt-line-clamp__line\">Excelente profissional, justo, honesto e criativo. Recomendo a<\/span>\u00a0<span class=\"lt-line-clamp__line lt-line-clamp__line--last\">todos conhecerem o trabalho deste profissional.<\/span><\/p>\n<\/div><\/div><div class=\"avia-testimonial-meta\"><div class=\"avia-testimonial-arrow-wrap\"><div class=\"avia-arrow\"><\/div><\/div><div class='avia-testimonial-meta-mini'  itemprop=\"author\" itemscope=\"itemscope\" itemtype=\"https:\/\/schema.org\/Person\" ><strong  class='avia-testimonial-name'  itemprop=\"name\" >Elmo Caetano Neves Neves<\/strong><span  class='avia-testimonial-subtitle av_opacity_variation'  itemprop=\"jobTitle\" >Gerente de Contabilidade e Tributos<\/span><\/div><\/div><\/div><\/div>\n<div class='avia-testimonial av-av_testimonial_single-44322d69cf69be054a2e07c98706c25f avia-testimonial-row-1 flex_column no_margin av_one_half'><div class='avia-testimonial_inner'  itemscope=\"itemscope\" itemtype=\"https:\/\/schema.org\/CreativeWork\" ><div class='avia-testimonial-content av_inherit_color'><div class='avia-testimonial-markup-entry-content'  itemprop=\"text\" ><p>Archscape re\u00fane experi\u00eancia no desenvolvimento de estudos e projetos de Urbanismo. Desde a Conceitua\u00e7\u00e3o de Master Plans at\u00e9 fase Executiva. Agilidade e criatividade..Gustavo \u00e9 um excelente profissional.<\/p>\n<\/div><\/div><div class=\"avia-testimonial-meta\"><div class=\"avia-testimonial-arrow-wrap\"><div class=\"avia-arrow\"><\/div><\/div><div class='avia-testimonial-meta-mini'  itemprop=\"author\" itemscope=\"itemscope\" itemtype=\"https:\/\/schema.org\/Person\" ><strong  class='avia-testimonial-name'  itemprop=\"name\" >Carlos Horacio dos Santos Filho<\/strong><span  class='avia-testimonial-subtitle av_opacity_variation'  itemprop=\"jobTitle\" >Diretor Development Consultoria &amp; Planejamento<\/span><\/div><\/div><\/div><\/div>\n<div class='avia-testimonial av-av_testimonial_single-949d57f44b14831ed10d08e61e8dd46f avia-testimonial-row-1 flex_column no_margin av_one_half'><div class='avia-testimonial_inner'  itemscope=\"itemscope\" itemtype=\"https:\/\/schema.org\/CreativeWork\" ><div class='avia-testimonial-content av_inherit_color'><div class='avia-testimonial-markup-entry-content'  itemprop=\"text\" ><p>A Archscape fez um projeto de arquitetura e paisagismo fant\u00e1stico superando todas as nossas expectativas!!! O Arq. Gustavo \u00e9 super profissional e atencioso e foi o respons\u00e1vel por realizarmos algo muito especial.<\/p>\n<\/div><\/div><div class=\"avia-testimonial-meta\"><div class=\"avia-testimonial-arrow-wrap\"><div class=\"avia-arrow\"><\/div><\/div><div class='avia-testimonial-meta-mini'  itemprop=\"author\" itemscope=\"itemscope\" itemtype=\"https:\/\/schema.org\/Person\" ><strong  class='avia-testimonial-name'  itemprop=\"name\" >Paulo Eduardo Silva<\/strong><span  class='avia-testimonial-subtitle av_opacity_variation'  itemprop=\"jobTitle\" >Construtor e Incorporador<\/span><\/div><\/div><\/div><\/div>\n<div class='avia-testimonial av-av_testimonial_single-b74034217313db04f61494217ba477bf avia-testimonial-row-1 flex_column no_margin av_one_half'><div class='avia-testimonial_inner'  itemscope=\"itemscope\" itemtype=\"https:\/\/schema.org\/CreativeWork\" ><div class='avia-testimonial-content av_inherit_color'><div class='avia-testimonial-markup-entry-content'  itemprop=\"text\" ><p>Gustavo Garrido representa a ARCHSCAPE de maneira exemplar sob o ponto de vista profissional. Transmite seguran\u00e7a e se coloca \u00e0 disposi\u00e7\u00e3o sempre que se faz necess\u00e1rio.<\/p>\n<\/div><\/div><div class=\"avia-testimonial-meta\"><div class=\"avia-testimonial-arrow-wrap\"><div class=\"avia-arrow\"><\/div><\/div><div class='avia-testimonial-meta-mini'  itemprop=\"author\" itemscope=\"itemscope\" itemtype=\"https:\/\/schema.org\/Person\" ><strong  class='avia-testimonial-name'  itemprop=\"name\" >Andr\u00e9 Pierre<\/strong><span  class='avia-testimonial-subtitle av_opacity_variation'  itemprop=\"jobTitle\" >Gerente Regional RJ na S\u00e1 Cavalcante<\/span><\/div><\/div><\/div><\/div>\n<\/section><div class='avia-slideshow-arrows avia-slideshow-controls' ><a href='#prev' class='prev-slide ' aria-hidden='true' data-av_icon='\ue87c' data-av_iconfont='entypo-fontello'  tabindex='-1'>Anterior<\/a><a href='#next' class='next-slide ' aria-hidden='true' data-av_icon='\ue87d' data-av_iconfont='entypo-fontello'  tabindex='-1'>Pr\u00f3ximo<\/a><\/div><\/div>\n<\/div><\/div><\/div><!-- close content main div --><\/div><\/div><\/div><div id='after_section_2'  class='main_color av_default_container_wrap container_wrap sidebar_right'  ><div class='container av-section-cont-open' ><div class='template-page content  av-content-small alpha units'><div class='post-entry post-entry-type-page post-entry-4217'><div class='entry-content-wrapper clearfix'><div  class='hr av-13jrq-78fa8edb08338d5e708a27516188f1ac hr-default  avia-builder-el-11  el_after_av_section  avia-builder-el-no-sibling '><span class='hr-inner '><span class=\"hr-inner-style\"><\/span><\/span><\/div><\/p>\n","protected":false},"excerpt":{"rendered":"","protected":false},"author":1,"featured_media":5479,"parent":0,"menu_order":0,"comment_status":"closed","ping_status":"closed","template":"","meta":{"footnotes":""},"class_list":["post-4217","page","type-page","status-publish","has-post-thumbnail","hentry"],"_links":{"self":[{"href":"https:\/\/archscape.com.br\/2024\/wp-json\/wp\/v2\/pages\/4217","targetHints":{"allow":["GET"]}}],"collection":[{"href":"https:\/\/archscape.com.br\/2024\/wp-json\/wp\/v2\/pages"}],"about":[{"href":"https:\/\/archscape.com.br\/2024\/wp-json\/wp\/v2\/types\/page"}],"author":[{"embeddable":true,"href":"https:\/\/archscape.com.br\/2024\/wp-json\/wp\/v2\/users\/1"}],"replies":[{"embeddable":true,"href":"https:\/\/archscape.com.br\/2024\/wp-json\/wp\/v2\/comments?post=4217"}],"version-history":[{"count":0,"href":"https:\/\/archscape.com.br\/2024\/wp-json\/wp\/v2\/pages\/4217\/revisions"}],"wp:featuredmedia":[{"embeddable":true,"href":"https:\/\/archscape.com.br\/2024\/wp-json\/wp\/v2\/media\/5479"}],"wp:attachment":[{"href":"https:\/\/archscape.com.br\/2024\/wp-json\/wp\/v2\/media?parent=4217"}],"curies":[{"name":"wp","href":"https:\/\/api.w.org\/{rel}","templated":true}]}}